{"id":1040,"date":"2020-10-06T22:42:21","date_gmt":"2020-10-06T21:42:21","guid":{"rendered":"https:\/\/luiscfernandes.com\/?page_id=1040"},"modified":"2026-03-03T17:43:23","modified_gmt":"2026-03-03T17:43:23","slug":"about-3","status":"publish","type":"page","link":"https:\/\/luiscfernandes.com\/?page_id=1040","title":{"rendered":"ABOUT"},"content":{"rendered":"\n<p>Lu\u00eds Fernandes (1981) is a musician, sound artist and curator based in Braga, Portugal. His work is developed within the domains of musical composition, performance and art curating. He\u2019s a teacher on Minho University\u2019s Visual Arts degree and Media Art master degree.<br>Besides a consistent work in the exploratory electronic music domain, he has collaborated with a wide range of artists in the past years, including some key figures of modern portuguese music and international artists, such as Hans-Joachim Roedelius, Rhys Chatham and Toshimaru Nakamura.<br>He also composes music for cinema, video and installations, including the film Mahjong, by Jo\u00e3o Pedro Rodrigues and Jo\u00e3o Rui Guerra da Mata, presented at Cannes and Locarno festivals, and the exhibition Porto Poetic, an homage to the architects \u00c1lvaro Siza and Eduardo Souto Moura, in the Triennale di Milano and Museum of Modern Art \u2013 MoMa.<br>His work has been reviewed and highlighted by publications such as The Wire, The Arts Desk, Guardian, The Liminal, No Modest Bear, Visitation Rites, Les Inrockuptibles and several portuguese publications.<br>He was guest lecturer at Berklee College of Music, Elektra \u2013 Festival d\u2019arts num\u00e9riques (Montreal), Serralves Foundation, Off the page \u2013 The Wire, Universidade Cat\u00f3lica Portuguesa, MAAT and Escola Superior de M\u00fasica e Artes do Espet\u00e1culo (Porto).<br>Luis Fernandes was the artistic director of Semibreve Festival, between 2011 and 2023, and is currently the artistic director of Theatro Circo, gnration, Index \u2013 art and technology biennial, besides supervising the program of Braga25 \u2013 Portuguese Capital of Culture.<br>He was part of the application committee of the Braga UNESCO Creative City for the Media Arts (2015-2017) and is the responsible for the artistic coordination of the project. He\u2019s part of the EMAP (European Media Art Platform) curator\u2019s committee. He has commissioned works to artists including Phill Niblock, Mark Fell, Stephan Mathieu, Ryoichi Kurokawa, Tarik Barri, Hans- Joachim Roedelius, Jim O\u2019Rourke, Kara-Lis Coverdale, Beatriz Ferreyra, Keith Fullerton Whitman, Sarah Davachi, AGF e Zimoun.<\/p>\n","protected":false},"excerpt":{"rendered":"<p>Lu\u00eds Fernandes (1981) is a musician, sound artist and curator based in Braga, Portugal. His work is developed within the domains of musical composition, performance and art curating. He\u2019s a teacher on Minho University\u2019s Visual Arts degree and Media Art master degree.Besides a consistent work in the exploratory electronic music domain, he has collaborated with [&hellip;]<\/p>\n","protected":false},"author":1,"featured_media":0,"parent":0,"menu_order":0,"comment_status":"closed","ping_status":"closed","template":"","meta":{"footnotes":""},"class_list":["post-1040","page","type-page","status-publish","hentry"],"_links":{"self":[{"href":"https:\/\/luiscfernandes.com\/index.php?rest_route=\/wp\/v2\/pages\/1040","targetHints":{"allow":["GET"]}}],"collection":[{"href":"https:\/\/luiscfernandes.com\/index.php?rest_route=\/wp\/v2\/pages"}],"about":[{"href":"https:\/\/luiscfernandes.com\/index.php?rest_route=\/wp\/v2\/types\/page"}],"author":[{"embeddable":true,"href":"https:\/\/luiscfernandes.com\/index.php?rest_route=\/wp\/v2\/users\/1"}],"replies":[{"embeddable":true,"href":"https:\/\/luiscfernandes.com\/index.php?rest_route=%2Fwp%2Fv2%2Fcomments&post=1040"}],"version-history":[{"count":5,"href":"https:\/\/luiscfernandes.com\/index.php?rest_route=\/wp\/v2\/pages\/1040\/revisions"}],"predecessor-version":[{"id":1128,"href":"https:\/\/luiscfernandes.com\/index.php?rest_route=\/wp\/v2\/pages\/1040\/revisions\/1128"}],"wp:attachment":[{"href":"https:\/\/luiscfernandes.com\/index.php?rest_route=%2Fwp%2Fv2%2Fmedia&parent=1040"}],"curies":[{"name":"wp","href":"https:\/\/api.w.org\/{rel}","templated":true}]}}